{"id":213,"date":"2025-11-26T09:04:34","date_gmt":"2025-11-26T09:04:34","guid":{"rendered":"https:\/\/bishoo-taxi.com\/wordpress\/?page_id=213"},"modified":"2026-02-23T09:29:22","modified_gmt":"2026-02-23T09:29:22","slug":"taxi","status":"publish","type":"page","link":"https:\/\/bishoo-taxi.com\/wordpress\/taxi\/","title":{"rendered":"TAXI"},"content":{"rendered":"<h3><b>BISHOO-TAXI \u2013 Ihr zuverl\u00e4ssiger Transfer-Service in Marsa Alam<\/b><\/h3>\n<p class=\"p3\">BISHOO-TAXI bietet Dir professionelle und zuverl\u00e4ssige Fahrten in Marsa Alam und der gesamten Umgebung.<\/p>\n<p class=\"p3\">Ob <span class=\"s2\"><b>Flughafen\u2013Transfer<\/b><\/span>, <span class=\"s2\"><b>Hotel\u2013Shuttle<\/b><\/span> oder <strong>Fahrten zu beliebten Zielen<\/strong> \u2013 wir bringen Dich sicher und p\u00fcnktlich an Dein Ziel.<\/p>\n<p class=\"p3\">Unser Service umfasst:<\/p>\n<ul>\n<li>\n<p class=\"p1\"><b>Transfers <\/b>von und nach <b>Marsa Alam &#8211; Airport<\/b> und <b>Hurghada Airport<\/b><b><\/b><\/p>\n<\/li>\n<li>\n<p class=\"p1\"><span class=\"s1\"><b>Hoteltransfers<\/b><\/span> in allen Regionen rund um Marsa Alam<\/p>\n<\/li>\n<li>\n<p class=\"p1\"><span class=\"s1\"><b>Fahrten nach Port Ghalib<\/b><\/span>, inklusive Marina und Restaurants<\/p>\n<\/li>\n<li>\n<p class=\"p1\"><span class=\"s1\"><b>Direktfahrten zu Ausflugszielen<\/b><\/span>, Str\u00e4nden und Sehensw\u00fcrdigkeiten<\/p>\n<\/li>\n<li>\n<p class=\"p1\">Komfortable, saubere und klimatisierte Fahrzeuge<\/p>\n<\/li>\n<li>\n<p class=\"p1\">Freundliche, erfahrene und verl\u00e4ssliche Fahrer<\/p>\n<\/li>\n<\/ul>\n<p class=\"p3\">Mit <strong>BISHOO-TAXI<\/strong> reist Du entspannt, sicher und ohne Stress \u2013 egal ob allein, zu zweit oder in einer Gruppe.<\/p>\n<p class=\"p3\">Wir bieten faire Preise, schnelle Abholung und einen Service, der seinen Namen verdient, wir haben <strong>Limousinen<\/strong> und <strong>Mini-Busse<\/strong> f\u00fcr gr\u00f6\u00dfere Gruppen.<\/p>\n<p class=\"p4\"><b>BISHOO-TAXI \u2013 Ihr Partner f\u00fcr alle Transfers in Marsa Alam, Hurghada und der gesamten Region.<\/b><\/p>\n<p style=\"text-align: center;\">\n  <a href=\"https:\/\/wa.me\/201000250950?text=Hallo%20Bishoo%2C%20ich%20ben%C3%B6tige%20einen%20Transfer\" target=\"_blank\" rel=\"noopener\"\n     style=\"\n       display:inline-flex;\n       align-items:center;\n       gap:8px;\n       background:#25D366;\n       color:#fff;\n       padding:12px 18px;\n       border-radius:30px;\n       font-weight:700;\n       font-size:16px;\n       text-decoration:none;\n       box-shadow:0 4px 10px rgba(0,0,0,0.15);\n       transition:0.2s;\n     \"\n     onmouseover=\"this.style.opacity='0.85'\"\n     onmouseout=\"this.style.opacity='1'\">\n\n    <svg xmlns=\"http:\/\/www.w3.org\/2000\/svg\" width=\"20\" height=\"20\" fill=\"white\" viewBox=\"0 0 24 24\">\n      <path d=\"M12.04 2C6.58 2 2.1 6.48 2.1 11.94c0 1.9.5 3.73 1.46 5.34L2 22l4.87-1.53a9.87 9.87 0 0 0 5.17 1.44h.01c5.46 0 9.94-4.48 9.94-9.94C21.99 6.48 17.5 2 12.04 2zm5.76 14.38c-.24.67-1.39 1.27-1.92 1.34-.5.07-1.13.1-1.83-.12-.42-.13-.95-.31-1.63-.6-2.87-1.24-4.74-4.13-4.88-4.32-.14-.19-1.16-1.54-1.16-2.94 0-1.4.73-2.09.99-2.38.26-.29.56-.36.75-.36.19 0 .38.01.55.02.18.01.42-.07.66.51.24.58.83 2 .9 2.14.07.14.12.31.02.5-.1.19-.15.31-.29.48-.14.17-.29.38-.41.51-.14.14-.28.29-.12.56.17.27.75 1.23 1.61 2 .86.76 1.59 1 1.86 1.11.27.1.43.08.59-.05.16-.12.67-.78.85-1.05.18-.27.36-.23.61-.14.26.09 1.63.77 1.91.91.28.14.47.21.54.33.07.12.07.71-.17 1.38z\"\/>\n    <\/svg>\n\n    Hallo Bishoo, ich ben\u00f6tige einen Transfer\n  <\/a><\/p>\n<p><img loading=\"lazy\" decoding=\"async\" class=\"alignnone wp-image-224 size-large\" src=\"https:\/\/bishoo-taxi.com\/wordpress\/wp-content\/uploads\/2025\/11\/bishoo-taxi-preise-710x1024.png\" alt=\"\" width=\"710\" height=\"1024\" srcset=\"https:\/\/bishoo-taxi.com\/wordpress\/wp-content\/uploads\/2025\/11\/bishoo-taxi-preise-710x1024.png 710w, https:\/\/bishoo-taxi.com\/wordpress\/wp-content\/uploads\/2025\/11\/bishoo-taxi-preise-208x300.png 208w, https:\/\/bishoo-taxi.com\/wordpress\/wp-content\/uploads\/2025\/11\/bishoo-taxi-preise-768x1107.png 768w, https:\/\/bishoo-taxi.com\/wordpress\/wp-content\/uploads\/2025\/11\/bishoo-taxi-preise-1066x1536.png 1066w, https:\/\/bishoo-taxi.com\/wordpress\/wp-content\/uploads\/2025\/11\/bishoo-taxi-preise-1421x2048.png 1421w, https:\/\/bishoo-taxi.com\/wordpress\/wp-content\/uploads\/2025\/11\/bishoo-taxi-preise-scaled.png 1776w\" sizes=\"auto, (max-width: 710px) 100vw, 710px\" \/><\/p>\n","protected":false},"excerpt":{"rendered":"<p>BISHOO-TAXI \u2013 Ihr zuverl\u00e4ssiger Transfer-Service in Marsa Alam BISHOO-TAXI bietet Dir professionelle und zuverl\u00e4ssige Fahrten in Marsa Alam und der [&hellip;]<\/p>\n","protected":false},"author":1,"featured_media":219,"parent":0,"menu_order":0,"comment_status":"closed","ping_status":"closed","template":"","meta":{"site-sidebar-layout":"default","site-content-layout":"","ast-site-content-layout":"default","site-content-style":"default","site-sidebar-style":"default","ast-global-header-display":"","ast-banner-title-visibility":"","ast-main-header-display":"","ast-hfb-above-header-display":"","ast-hfb-below-header-display":"","ast-hfb-mobile-header-display":"","site-post-title":"","ast-breadcrumbs-content":"","ast-featured-img":"","footer-sml-layout":"","ast-disable-related-posts":"","theme-transparent-header-meta":"default","adv-header-id-meta":"","stick-header-meta":"","header-above-stick-meta":"","header-main-stick-meta":"","header-below-stick-meta":"","astra-migrate-meta-layouts":"set","ast-page-background-enabled":"default","ast-page-background-meta":{"desktop":{"background-color":"var(--ast-global-color-5)","background-image":"","background-repeat":"repeat","background-position":"center center","background-size":"auto","background-attachment":"scroll","background-type":"","background-media":"","overlay-type":"","overlay-color":"","overlay-opacity":"","overlay-gradient":""},"tablet":{"background-color":"","background-image":"","background-repeat":"repeat","background-position":"center center","background-size":"auto","background-attachment":"scroll","background-type":"","background-media":"","overlay-type":"","overlay-color":"","overlay-opacity":"","overlay-gradient":""},"mobile":{"background-color":"","background-image":"","background-repeat":"repeat","background-position":"center center","background-size":"auto","background-attachment":"scroll","background-type":"","background-media":"","overlay-type":"","overlay-color":"","overlay-opacity":"","overlay-gradient":""}},"ast-content-background-meta":{"desktop":{"background-color":"var(--ast-global-color-4)","background-image":"","background-repeat":"repeat","background-position":"center center","background-size":"auto","background-attachment":"scroll","background-type":"","background-media":"","overlay-type":"","overlay-color":"","overlay-opacity":"","overlay-gradient":""},"tablet":{"background-color":"var(--ast-global-color-4)","background-image":"","background-repeat":"repeat","background-position":"center center","background-size":"auto","background-attachment":"scroll","background-type":"","background-media":"","overlay-type":"","overlay-color":"","overlay-opacity":"","overlay-gradient":""},"mobile":{"background-color":"var(--ast-global-color-4)","background-image":"","background-repeat":"repeat","background-position":"center center","background-size":"auto","background-attachment":"scroll","background-type":"","background-media":"","overlay-type":"","overlay-color":"","overlay-opacity":"","overlay-gradient":""}},"footnotes":""},"class_list":["post-213","page","type-page","status-publish","has-post-thumbnail","hentry"],"_links":{"self":[{"href":"https:\/\/bishoo-taxi.com\/wordpress\/wp-json\/wp\/v2\/pages\/213","targetHints":{"allow":["GET"]}}],"collection":[{"href":"https:\/\/bishoo-taxi.com\/wordpress\/wp-json\/wp\/v2\/pages"}],"about":[{"href":"https:\/\/bishoo-taxi.com\/wordpress\/wp-json\/wp\/v2\/types\/page"}],"author":[{"embeddable":true,"href":"https:\/\/bishoo-taxi.com\/wordpress\/wp-json\/wp\/v2\/users\/1"}],"replies":[{"embeddable":true,"href":"https:\/\/bishoo-taxi.com\/wordpress\/wp-json\/wp\/v2\/comments?post=213"}],"version-history":[{"count":0,"href":"https:\/\/bishoo-taxi.com\/wordpress\/wp-json\/wp\/v2\/pages\/213\/revisions"}],"wp:featuredmedia":[{"embeddable":true,"href":"https:\/\/bishoo-taxi.com\/wordpress\/wp-json\/wp\/v2\/media\/219"}],"wp:attachment":[{"href":"https:\/\/bishoo-taxi.com\/wordpress\/wp-json\/wp\/v2\/media?parent=213"}],"curies":[{"name":"wp","href":"https:\/\/api.w.org\/{rel}","templated":true}]}}