{"id":129,"date":"2025-11-24T13:13:31","date_gmt":"2025-11-24T13:13:31","guid":{"rendered":"https:\/\/bishoo-taxi.com\/wordpress\/?page_id=129"},"modified":"2026-02-23T08:56:46","modified_gmt":"2026-02-23T08:56:46","slug":"sim-cards","status":"publish","type":"page","link":"https:\/\/bishoo-taxi.com\/wordpress\/sim-cards\/","title":{"rendered":"SIM-CARDS"},"content":{"rendered":"<p>Du kommst nach Marsa Alam und m\u00f6chtest auf Internet und Telefonieren aber nicht verzichten.<\/p>\n<p>Bei uns bekommst du Simkarten f\u00fcr Internet und Telefonie zu g\u00fcnstigen Preisen.<\/p>\n<p>Wir bringen die Simkarte mit zum Airport bei Abholung und Transfer zum Hotel, oder aber auch direkt ins Hotel.<\/p>\n<p>Solltest du ein aktuelles Handy haben (90 Tage Frist), stellen wir auch ein Router (Leihger\u00e4t) f\u00fcr die Urlaubszeit zur Verf\u00fcgung.<\/p>\n<p>Unsere Fahrer, die euch die Simkarte bringen sind auch gerne bei der Installation behilflich.<\/p>\n<h3><strong>SIM-KARTEN<\/strong><\/h3>\n<p><strong>Preise:<\/strong><br \/>\n\u2022 10 GB = 10 \u20ac oder 12 $<br \/>\n\u2022 18 GB = 13 \u20ac oder 15 $<br \/>\n\u2022 45 GB = 18 \u20ac oder 20 $<br \/>\n\u2022 58 GB = 20 \u20ac oder 22 $<\/p>\n<p>Kostenlose SimKarte (Kundendienst)<\/p>\n<p><strong>Router:<\/strong><br \/>\n\u2022 \u00a05,00 \u20ac \u2013 Leihgeb\u00fchr f\u00fcr die gesamte Urlaubszeit<br \/>\n\u2022 40,00 \u20ac \u2013 einmaliger Kaufpreis<\/p>\n<p><strong>Auslandsgespr\u00e4che:<\/strong><br \/>\n\u2022 20 Minuten: 15 \u20ac oder 17 $<br \/>\n\u2022 45 Minuten: 25 \u20ac oder 28 $<br \/>\n\u2022 70 Minuten: 35 \u20ac oder 38 $<br \/>\n\u2022 95 Minuten: 40 \u20ac oder 44 $<\/p>\n<p><strong>SD-Karte f\u00fcr die Kamera (SD oder MicroSD)<\/strong><br \/>\n\u2022 16 GB: 8 \u20ac<br \/>\n\u2022 32 GB: 10 \u20ac<br \/>\n\u2022 64 GB: 15 \u20ac<\/p>\n\n  <a href=\"https:\/\/wa.me\/201000250950?text=Hallo%20Bishoo%2C%20ich%20ben%C3%B6tige%20Simkarte%28n%29\" target=\"_blank\" rel=\"noopener\"\n     style=\"\n       display:inline-flex;\n       align-items:center;\n       gap:8px;\n       background:#25D366;\n       color:#fff;\n       padding:12px 18px;\n       border-radius:30px;\n       font-weight:700;\n       font-size:16px;\n       text-decoration:none;\n       box-shadow:0 4px 10px rgba(0,0,0,0.15);\n       transition:0.2s;\n     \"\n     onmouseover=\"this.style.opacity='0.85'\"\n     onmouseout=\"this.style.opacity='1'\">\n\n    <svg xmlns=\"http:\/\/www.w3.org\/2000\/svg\" width=\"20\" height=\"20\" fill=\"white\" viewBox=\"0 0 24 24\">\n      <path d=\"M12.04 2C6.58 2 2.1 6.48 2.1 11.94c0 1.9.5 3.73 1.46 5.34L2 22l4.87-1.53a9.87 9.87 0 0 0 5.17 1.44h.01c5.46 0 9.94-4.48 9.94-9.94C21.99 6.48 17.5 2 12.04 2zm5.76 14.38c-.24.67-1.39 1.27-1.92 1.34-.5.07-1.13.1-1.83-.12-.42-.13-.95-.31-1.63-.6-2.87-1.24-4.74-4.13-4.88-4.32-.14-.19-1.16-1.54-1.16-2.94 0-1.4.73-2.09.99-2.38.26-.29.56-.36.75-.36.19 0 .38.01.55.02.18.01.42-.07.66.51.24.58.83 2 .9 2.14.07.14.12.31.02.5-.1.19-.15.31-.29.48-.14.17-.29.38-.41.51-.14.14-.28.29-.12.56.17.27.75 1.23 1.61 2 .86.76 1.59 1 1.86 1.11.27.1.43.08.59-.05.16-.12.67-.78.85-1.05.18-.27.36-.23.61-.14.26.09 1.63.77 1.91.91.28.14.47.21.54.33.07.12.07.71-.17 1.38z\"\/>\n    <\/svg>\n\n    Hallo Bishoo, ich ben\u00f6tige Simkarte(n)\n  <\/a>\n","protected":false},"excerpt":{"rendered":"<p>Du kommst nach Marsa Alam und m\u00f6chtest auf Internet und Telefonieren aber nicht verzichten. Bei uns bekommst du Simkarten f\u00fcr [&hellip;]<\/p>\n","protected":false},"author":1,"featured_media":145,"parent":0,"menu_order":0,"comment_status":"closed","ping_status":"closed","template":"","meta":{"site-sidebar-layout":"default","site-content-layout":"","ast-site-content-layout":"default","site-content-style":"default","site-sidebar-style":"default","ast-global-header-display":"","ast-banner-title-visibility":"","ast-main-header-display":"","ast-hfb-above-header-display":"","ast-hfb-below-header-display":"","ast-hfb-mobile-header-display":"","site-post-title":"","ast-breadcrumbs-content":"","ast-featured-img":"","footer-sml-layout":"","ast-disable-related-posts":"","theme-transparent-header-meta":"default","adv-header-id-meta":"","stick-header-meta":"","header-above-stick-meta":"","header-main-stick-meta":"","header-below-stick-meta":"","astra-migrate-meta-layouts":"set","ast-page-background-enabled":"default","ast-page-background-meta":{"desktop":{"background-color":"var(--ast-global-color-5)","background-image":"","background-repeat":"repeat","background-position":"center center","background-size":"auto","background-attachment":"scroll","background-type":"","background-media":"","overlay-type":"","overlay-color":"","overlay-opacity":"","overlay-gradient":""},"tablet":{"background-color":"","background-image":"","background-repeat":"repeat","background-position":"center center","background-size":"auto","background-attachment":"scroll","background-type":"","background-media":"","overlay-type":"","overlay-color":"","overlay-opacity":"","overlay-gradient":""},"mobile":{"background-color":"","background-image":"","background-repeat":"repeat","background-position":"center center","background-size":"auto","background-attachment":"scroll","background-type":"","background-media":"","overlay-type":"","overlay-color":"","overlay-opacity":"","overlay-gradient":""}},"ast-content-background-meta":{"desktop":{"background-color":"var(--ast-global-color-4)","background-image":"","background-repeat":"repeat","background-position":"center center","background-size":"auto","background-attachment":"scroll","background-type":"","background-media":"","overlay-type":"","overlay-color":"","overlay-opacity":"","overlay-gradient":""},"tablet":{"background-color":"var(--ast-global-color-4)","background-image":"","background-repeat":"repeat","background-position":"center center","background-size":"auto","background-attachment":"scroll","background-type":"","background-media":"","overlay-type":"","overlay-color":"","overlay-opacity":"","overlay-gradient":""},"mobile":{"background-color":"var(--ast-global-color-4)","background-image":"","background-repeat":"repeat","background-position":"center center","background-size":"auto","background-attachment":"scroll","background-type":"","background-media":"","overlay-type":"","overlay-color":"","overlay-opacity":"","overlay-gradient":""}},"footnotes":""},"class_list":["post-129","page","type-page","status-publish","has-post-thumbnail","hentry"],"_links":{"self":[{"href":"https:\/\/bishoo-taxi.com\/wordpress\/wp-json\/wp\/v2\/pages\/129","targetHints":{"allow":["GET"]}}],"collection":[{"href":"https:\/\/bishoo-taxi.com\/wordpress\/wp-json\/wp\/v2\/pages"}],"about":[{"href":"https:\/\/bishoo-taxi.com\/wordpress\/wp-json\/wp\/v2\/types\/page"}],"author":[{"embeddable":true,"href":"https:\/\/bishoo-taxi.com\/wordpress\/wp-json\/wp\/v2\/users\/1"}],"replies":[{"embeddable":true,"href":"https:\/\/bishoo-taxi.com\/wordpress\/wp-json\/wp\/v2\/comments?post=129"}],"version-history":[{"count":0,"href":"https:\/\/bishoo-taxi.com\/wordpress\/wp-json\/wp\/v2\/pages\/129\/revisions"}],"wp:featuredmedia":[{"embeddable":true,"href":"https:\/\/bishoo-taxi.com\/wordpress\/wp-json\/wp\/v2\/media\/145"}],"wp:attachment":[{"href":"https:\/\/bishoo-taxi.com\/wordpress\/wp-json\/wp\/v2\/media?parent=129"}],"curies":[{"name":"wp","href":"https:\/\/api.w.org\/{rel}","templated":true}]}}